{"id":2456,"date":"2025-02-25T08:55:55","date_gmt":"2025-02-25T07:55:55","guid":{"rendered":"https:\/\/minnid.com\/produkt\/anbaukit-fuer-mercedes-sprinter-inkl-steckbare-anhaengerkupplung-fuer-4x4\/"},"modified":"2025-02-25T08:55:55","modified_gmt":"2025-02-25T07:55:55","slug":"anbaukit-fuer-mercedes-sprinter-inkl-steckbare-anhaengerkupplung-fuer-4x4","status":"publish","type":"product","link":"https:\/\/minnid.com\/en\/produkt\/anbaukit-fuer-mercedes-sprinter-inkl-steckbare-anhaengerkupplung-fuer-4x4\/","title":{"rendered":"Anbaukit f\u00fcr Mercedes Sprinter inkl. Steckbare Anh\u00e4ngerkupplung f\u00fcr 4&#215;4"},"content":{"rendered":"<p>1x Sprinter 4&#215;4 mounting bracket<br \/>\n1x Sprinter screw set<br \/>\n1x Tow ball J2X (short)<\/p>\n","protected":false},"excerpt":{"rendered":"<p>Mercedes Sprinter from model year 2018<br \/>\n\u20ac90 price advantage <\/p>\n","protected":false},"featured_media":919,"comment_status":"open","ping_status":"closed","template":"","meta":{"_acf_changed":false},"product_brand":[],"product_cat":[76],"product_tag":[],"class_list":{"0":"post-2456","1":"product","2":"type-product","3":"status-publish","4":"has-post-thumbnail","6":"product_cat-vehicle-connections","8":"first","9":"instock","10":"taxable","11":"shipping-taxable","12":"purchasable","13":"product-type-simple"},"exclude_global_add_ons":[],"addons":[],"acf":[],"jetpack_sharing_enabled":true,"_links":{"self":[{"href":"https:\/\/minnid.com\/en\/wp-json\/wp\/v2\/product\/2456","targetHints":{"allow":["GET"]}}],"collection":[{"href":"https:\/\/minnid.com\/en\/wp-json\/wp\/v2\/product"}],"about":[{"href":"https:\/\/minnid.com\/en\/wp-json\/wp\/v2\/types\/product"}],"replies":[{"embeddable":true,"href":"https:\/\/minnid.com\/en\/wp-json\/wp\/v2\/comments?post=2456"}],"wp:featuredmedia":[{"embeddable":true,"href":"https:\/\/minnid.com\/en\/wp-json\/wp\/v2\/media\/919"}],"wp:attachment":[{"href":"https:\/\/minnid.com\/en\/wp-json\/wp\/v2\/media?parent=2456"}],"wp:term":[{"taxonomy":"product_brand","embeddable":true,"href":"https:\/\/minnid.com\/en\/wp-json\/wp\/v2\/product_brand?post=2456"},{"taxonomy":"product_cat","embeddable":true,"href":"https:\/\/minnid.com\/en\/wp-json\/wp\/v2\/product_cat?post=2456"},{"taxonomy":"product_tag","embeddable":true,"href":"https:\/\/minnid.com\/en\/wp-json\/wp\/v2\/product_tag?post=2456"}],"curies":[{"name":"wp","href":"https:\/\/api.w.org\/{rel}","templated":true}]}}