{"id":2416,"date":"2025-01-09T14:05:31","date_gmt":"2025-01-09T13:05:31","guid":{"rendered":"https:\/\/minnid.com\/faq\/"},"modified":"2026-04-29T11:26:15","modified_gmt":"2026-04-29T09:26:15","slug":"faq","status":"publish","type":"page","link":"https:\/\/minnid.com\/en\/faq\/","title":{"rendered":"FAQ"},"content":{"rendered":"<section class=\"bde-section-2416-100 bde-section\">\n              \n  \n  \n\t\n\n  <div class=\"section-background-overlay\"><\/div>\n\n\n        <div class=\"section-shape-divider-wrapper section-shape-divider-wrapper--1\">\n          <span class=\"section-shape-divider\">\n                      <svg\n                xmlns=\"http:\/\/www.w3.org\/2000\/svg\"\n                viewBox=\"0 0 1440 320\"\n                preserveAspectRatio=\"none\"\n            >\n              <path d=\"M1440 276.8s-255.057-1.964-432-1.54c-26.047.061-51.843 15.76-73.44 15.94-30.357.252-54.058-14.95-70.56-14.4-30.211 1.008-48 25.2-72 21.6-24-3.6-48-28.8-72-28.8s-48 25.2-72 28.8c-24 3.6-41.789-20.592-72-21.6-16.769-.559-42.412 14.64-73.44 14.388-21.623-.175-44.532-15.871-70.56-15.932C254.828 274.847 0 276.8 0 276.8V320h1440v-43.2Z\" fill=\"currentColor\"\/>\n            <\/svg>\n                    <\/span>\n      <\/div>\n  <div class=\"section-container\"><div class=\"bde-div-2416-101 bde-div\">\n  \n  \n\t\n\n\n\n<h1 class=\"bde-heading-2416-102 bde-heading\">\nDo you have any questions?\n<\/h1><div class=\"bde-text-2416-103 bde-text\">\n\n<\/div>\n<\/div><\/div>\n<\/section><section class=\"bde-section-2416-115 bde-section\">\n  \n  \n\t\n\n\n\n<div class=\"section-container\"><h2 class=\"bde-heading-2416-116 bde-heading\">\nFREQUENTLY ASKED QUESTIONS\n<\/h2><div class=\"bde-columns-2416-117 bde-columns\"><div class=\"bde-column-2416-118 bde-column\">\n  \n  \n\t\n\n\n\n<h6 class=\"bde-heading-2416-119 bde-heading\">\nHow much does the minnid VAN system cost?\n<\/h6>\n<\/div><div class=\"bde-column-2416-120 bde-column\">\n  \n  \n\t\n\n\n\n<div class=\"bde-text-2416-121 bde-text\">\nThe best way to contact us is by sending an email with your request to <strong>hello@minnid.com<\/strong>\n<\/div>\n<\/div><\/div><div class=\"bde-columns-2416-122 bde-columns\"><div class=\"bde-column-2416-123 bde-column\">\n  \n  \n\t\n\n\n\n<h6 class=\"bde-heading-2416-124 bde-heading\">\nWhat do I do with my current towbar?\n<\/h6>\n<\/div><div class=\"bde-column-2416-125 bde-column\">\n  \n  \n\t\n\n\n\n<div class=\"bde-text-2416-126 bde-text\">\nYour current towbar needs to be removed. However, this shortens the installation time, as the wiring kit is already installed. \n<\/div>\n<\/div><\/div><div class=\"bde-columns-2416-127 bde-columns\"><div class=\"bde-column-2416-128 bde-column\">\n  \n  \n\t\n\n\n\n<h6 class=\"bde-heading-2416-129 bde-heading\">\nDo I need an electrical kit?\n<\/h6>\n<\/div><div class=\"bde-column-2416-130 bde-column\">\n  \n  \n\t\n\n\n\n<div class=\"bde-text-2416-131 bde-text\">\nIf you don't already have a towbar, you'll need an electrical wiring kit. If you already have a towbar, the existing wiring kit can usually be reused. \n<\/div>\n<\/div><\/div><div class=\"bde-columns-2416-132 bde-columns\"><div class=\"bde-column-2416-133 bde-column\">\n  \n  \n\t\n\n\n\n<h6 class=\"bde-heading-2416-134 bde-heading\">\nK\u00f6nnen nach dem Verbau des Systems noch beide T\u00fcren ge\u00f6ffnet werden?\n<\/h6>\n<\/div><div class=\"bde-column-2416-135 bde-column\">\n  \n  \n\t\n\n\n\n<div class=\"bde-text-2416-136 bde-text\">\nNaturally \ud83d\ude42\n<\/div>\n<\/div><\/div><div class=\"bde-columns-2416-137 bde-columns\"><div class=\"bde-column-2416-138 bde-column\">\n  \n  \n\t\n\n\n\n<h6 class=\"bde-heading-2416-139 bde-heading\">\nHow heavy can the scooter be for the motorcycle rail?\n<\/h6>\n<\/div><div class=\"bde-column-2416-140 bde-column\">\n  \n  \n\t\n\n\n\n<div class=\"bde-text-2416-141 bde-text\">\n125 kg\n<\/div>\n<\/div><\/div><div class=\"bde-columns-2416-142 bde-columns\"><div class=\"bde-column-2416-143 bde-column\">\n  \n  \n\t\n\n\n\n<h6 class=\"bde-heading-2416-144 bde-heading\">\nWhat kind of straps do I need for the motorcycle seat?\n<\/h6>\n<\/div><div class=\"bde-column-2416-145 bde-column\">\n  \n  \n\t\n\n\n\n<div class=\"bde-text-2416-146 bde-text\">\nEveryone has different preferences for how their beloved motorcycle should be secured, so we don't include any unnecessary straps. The airline system on the rail allows everyone to use their preferred straps. \n<\/div>\n<\/div><\/div><div class=\"bde-columns-2416-157 bde-columns\"><div class=\"bde-column-2416-158 bde-column\">\n  \n  \n\t\n\n\n\n<h6 class=\"bde-heading-2416-159 bde-heading\">\nWhich vehicles can use the system?\n<\/h6>\n<\/div><div class=\"bde-column-2416-160 bde-column\">\n  \n  \n\t\n\n\n\n<div class=\"bde-rich-text-2416-196 bde-rich-text breakdance-rich-text-styles\">\n<p>Our swivel carrier can be installed on all of the following vehicles: <\/p>\n<ul>\n<li>Citroen Jumper<\/li>\n<li>Fiat Ducato<\/li>\n<li>Globe-Traveler \u2013 Voyager<\/li>\n<li>MAN TGE<\/li>\n<li>Mercedes Sprinter<\/li>\n<li>Nexsd<\/li>\n<li>Renault Boxer<\/li>\n<li>VW Crafter<\/li>\n<\/ul>\n<p>We are continuously working to adapt the swivel carrier for other vehicles in order to offer even more possibilities.<\/p>\n<\/div>\n<\/div><\/div><div class=\"bde-columns-2416-152 bde-columns\"><div class=\"bde-column-2416-153 bde-column\">\n  \n  \n\t\n\n\n\n<h6 class=\"bde-heading-2416-154 bde-heading\">\nWill my fat bike fit on the system?\n<\/h6>\n<\/div><div class=\"bde-column-2416-155 bde-column\">\n  \n  \n\t\n\n\n\n<div class=\"bde-text-2416-156 bde-text\">\nYes, with a tire diameter of up to approximately 100 mm.\n<\/div>\n<\/div><\/div><div class=\"bde-columns-2416-147 bde-columns\"><div class=\"bde-column-2416-148 bde-column\">\n  \n  \n\t\n\n\n\n<h6 class=\"bde-heading-2416-149 bde-heading\">\nDo I need T\u00dcV approval for the system?\n<\/h6>\n<\/div><div class=\"bde-column-2416-150 bde-column\">\n  \n  \n\t\n\n\n\n<div class=\"bde-text-2416-151 bde-text\">\nNo. All T\u00dcV approvals for the system are in place. If the vehicle's external dimensions are extended, this must be registered.  \n<\/div>\n<\/div><\/div><div class=\"bde-columns-2416-177 bde-columns\"><div class=\"bde-column-2416-178 bde-column\">\n  \n  \n\t\n\n\n\n<h6 class=\"bde-heading-2416-179 bde-heading\">\nWhat do I do with my parking sensors?\n<\/h6>\n<\/div><div class=\"bde-column-2416-180 bde-column\">\n  \n  \n\t\n\n\n\n<div class=\"bde-text-2416-181 bde-text\">\nThe parking sensors can soon be integrated into our swivel carrier. Otherwise, they must be deactivated. \n<\/div>\n<\/div><\/div><div class=\"bde-columns-2416-172 bde-columns\"><div class=\"bde-column-2416-173 bde-column\">\n  \n  \n\t\n\n\n\n<h6 class=\"bde-heading-2416-174 bde-heading\">\nHow many bicycles can I transport with the minnid system?\n<\/h6>\n<\/div><div class=\"bde-column-2416-175 bde-column\">\n  \n  \n\t\n\n\n\n<div class=\"bde-text-2416-176 bde-text\">\nEs k\u00f6nnen bis zu 4 E-Bikes transportiert werden. Alternativ auch 2 + eine Gep\u00e4ckbox \n<\/div>\n<\/div><\/div><div class=\"bde-columns-2416-167 bde-columns\"><div class=\"bde-column-2416-168 bde-column\">\n  \n  \n\t\n\n\n\n<h6 class=\"bde-heading-2416-169 bde-heading\">\nIs the swinging bracket installed instead of the bumper?\n<\/h6>\n<\/div><div class=\"bde-column-2416-170 bde-column\">\n  \n  \n\t\n\n\n\n<div class=\"bde-text-2416-171 bde-text\">\nThe bumper remains unchanged and the swivel bracket is installed behind it.\n<\/div>\n<\/div><\/div><div class=\"bde-columns-2416-162 bde-columns\"><div class=\"bde-column-2416-163 bde-column\">\n  \n  \n\t\n\n\n\n<h6 class=\"bde-heading-2416-164 bde-heading\">\nWhere can I have the system installed or view it?\n<\/h6>\n<\/div><div class=\"bde-column-2416-165 bde-column\">\n  \n  \n\t\n\n\n\n<div class=\"bde-text-2416-166 bde-text\">\nClick <a href=\"https:\/\/minnid.com\/en\/where-to-buy\/\"><span>here<\/span><\/a> to go directly to the dealer list.\n<\/div>\n<\/div><\/div><div class=\"bde-accordion-2416-182 bde-accordion bde-accordion--bordered\"><div class=\"bde-accordion__content-wrapper-2416-183 bde-accordion__content-wrapper\">\n<h3 class=\"bde-accordion__title-tag\">\n  <button type=\"button\" class=\"bde-accordion__button\" id=\"accordion-button-183\" aria-controls=\"accordion-panel-183\" aria-expanded=\"false\">\n     <span class=\"bde-accordion__title\" >How much does the minnid VAN system cost?<\/span>\n     <span class=\"bde-accordion__icon bde-accordion__icon--default\"><\/span>\n     <span class=\"bde-accordion__icon bde-accordion__icon--active\"><\/span>\n  <\/button>\n<\/h3>\n\n<div role=\"region\" class=\"bde-accordion__panel\" id=\"accordion-panel-183\" aria-labelledby=\"accordion-button-183\">\n    <div class=\"bde-accordion__panel-content\">\n        <div class=\"bde-text-2416-185 bde-text\">\nThe best way to contact us is by sending an email with your request to hello@minnid.com\n<\/div>\n    <\/div>\n<\/div>\n\n\n\n<\/div><div class=\"bde-accordion__content-wrapper-2416-187 bde-accordion__content-wrapper\">\n<h3 class=\"bde-accordion__title-tag\">\n  <button type=\"button\" class=\"bde-accordion__button\" id=\"accordion-button-187\" aria-controls=\"accordion-panel-187\" aria-expanded=\"false\">\n     <span class=\"bde-accordion__title\" >What do I do with my current towbar?<\/span>\n     <span class=\"bde-accordion__icon bde-accordion__icon--default\"><\/span>\n     <span class=\"bde-accordion__icon bde-accordion__icon--active\"><\/span>\n  <\/button>\n<\/h3>\n\n<div role=\"region\" class=\"bde-accordion__panel\" id=\"accordion-panel-187\" aria-labelledby=\"accordion-button-187\">\n    <div class=\"bde-accordion__panel-content\">\n        <div class=\"bde-text-2416-193 bde-text\">\nYour current towbar needs to be removed. However, this shortens the installation time, as the wiring kit is already installed. \n<\/div>\n    <\/div>\n<\/div>\n\n\n\n<\/div><div class=\"bde-accordion__content-wrapper-2416-189 bde-accordion__content-wrapper\">\n<h3 class=\"bde-accordion__title-tag\">\n  <button type=\"button\" class=\"bde-accordion__button\" id=\"accordion-button-189\" aria-controls=\"accordion-panel-189\" aria-expanded=\"false\">\n     <span class=\"bde-accordion__title\" >Do I need an electrical kit?<\/span>\n     <span class=\"bde-accordion__icon bde-accordion__icon--default\"><\/span>\n     <span class=\"bde-accordion__icon bde-accordion__icon--active\"><\/span>\n  <\/button>\n<\/h3>\n\n<div role=\"region\" class=\"bde-accordion__panel\" id=\"accordion-panel-189\" aria-labelledby=\"accordion-button-189\">\n    <div class=\"bde-accordion__panel-content\">\n        <div class=\"bde-text-2416-194 bde-text\">\nIf you don't already have a towbar, you'll need an electrical wiring kit. If you already have a towbar, the existing wiring kit can usually be reused. \n<\/div>\n    <\/div>\n<\/div>\n\n\n\n<\/div><div class=\"bde-accordion__content-wrapper-2416-191 bde-accordion__content-wrapper\">\n<h3 class=\"bde-accordion__title-tag\">\n  <button type=\"button\" class=\"bde-accordion__button\" id=\"accordion-button-191\" aria-controls=\"accordion-panel-191\" aria-expanded=\"false\">\n     <span class=\"bde-accordion__title\" >Can both doors still be opened after the system is installed?<\/span>\n     <span class=\"bde-accordion__icon bde-accordion__icon--default\"><\/span>\n     <span class=\"bde-accordion__icon bde-accordion__icon--active\"><\/span>\n  <\/button>\n<\/h3>\n\n<div role=\"region\" class=\"bde-accordion__panel\" id=\"accordion-panel-191\" aria-labelledby=\"accordion-button-191\">\n    <div class=\"bde-accordion__panel-content\">\n        <div class=\"bde-text-2416-195 bde-text\">\nNaturally \ud83d\ude42\n<\/div>\n    <\/div>\n<\/div>\n\n\n\n<\/div>\r\n\r\n<\/div><\/div>\n<\/section>","protected":false},"excerpt":{"rendered":"<p>Do you have any questions? FREQUENTLY ASKED QUESTIONS How much does the minnid VAN system cost? The best way to contact us is by sending an email with your request to hello@minnid.com What do I do with my current towbar? Your current towbar needs to be removed. However, this shortens the installation time, as the [&hellip;]<\/p>\n","protected":false},"author":1,"featured_media":0,"parent":0,"menu_order":0,"comment_status":"closed","ping_status":"closed","template":"","meta":{"_acf_changed":false,"_breakdance_hide_in_design_set":false,"_breakdance_tags":"","footnotes":""},"class_list":["post-2416","page","type-page","status-publish","hentry"],"acf":[],"jetpack_sharing_enabled":true,"_links":{"self":[{"href":"https:\/\/minnid.com\/en\/wp-json\/wp\/v2\/pages\/2416","targetHints":{"allow":["GET"]}}],"collection":[{"href":"https:\/\/minnid.com\/en\/wp-json\/wp\/v2\/pages"}],"about":[{"href":"https:\/\/minnid.com\/en\/wp-json\/wp\/v2\/types\/page"}],"author":[{"embeddable":true,"href":"https:\/\/minnid.com\/en\/wp-json\/wp\/v2\/users\/1"}],"replies":[{"embeddable":true,"href":"https:\/\/minnid.com\/en\/wp-json\/wp\/v2\/comments?post=2416"}],"version-history":[{"count":1,"href":"https:\/\/minnid.com\/en\/wp-json\/wp\/v2\/pages\/2416\/revisions"}],"predecessor-version":[{"id":2418,"href":"https:\/\/minnid.com\/en\/wp-json\/wp\/v2\/pages\/2416\/revisions\/2418"}],"wp:attachment":[{"href":"https:\/\/minnid.com\/en\/wp-json\/wp\/v2\/media?parent=2416"}],"curies":[{"name":"wp","href":"https:\/\/api.w.org\/{rel}","templated":true}]}}